{"id":274,"date":"2022-10-05T22:46:45","date_gmt":"2022-10-05T22:46:45","guid":{"rendered":"https:\/\/enzymecorporation.com\/?post_type=product&#038;p=274"},"modified":"2022-10-07T01:58:48","modified_gmt":"2022-10-07T01:58:48","slug":"vitamin-c","status":"publish","type":"product","link":"https:\/\/enzymecorporation.com\/index.php\/product\/vitamin-c\/","title":{"rendered":"Vitamin C"},"content":{"rendered":"<p><img loading=\"lazy\" decoding=\"async\" class=\"alignnone size-medium wp-image-275\" src=\"https:\/\/enzymecorporation.com\/wp-content\/uploads\/2022\/10\/VITAMIN-C-300x273.png\" alt=\"\" width=\"300\" height=\"273\" \/><\/p>\n","protected":false},"excerpt":{"rendered":"<p>Vitamin C, es un suplemento vitam\u00ednico de la vitamina c, ayuda a mejorar las defensas y sistema inmunol\u00f3gico. Fortalece los huesos y favorece a la absorci\u00f3n de minerales.<\/p>\n","protected":false},"featured_media":275,"template":"","meta":{"_et_pb_use_builder":"","_et_pb_old_content":"","_et_gb_content_width":"","om_disable_all_campaigns":false,"_monsterinsights_skip_tracking":false,"_monsterinsights_sitenote_active":false,"_monsterinsights_sitenote_note":"","_monsterinsights_sitenote_category":0},"product_brand":[],"product_cat":[24],"product_tag":[],"class_list":{"0":"post-274","1":"product","2":"type-product","3":"status-publish","4":"has-post-thumbnail","6":"product_cat-vitaminas-y-suplementos","8":"first","9":"instock","10":"shipping-taxable","11":"purchasable","12":"product-type-simple"},"aioseo_notices":[],"yoast_head":"<!-- This site is optimized with the Yoast SEO plugin v25.1 - https:\/\/yoast.com\/wordpress\/plugins\/seo\/ -->\n<title>Vitamin C - ENZYME CORPORATION<\/title>\n<meta name=\"robots\" content=\"index, follow, max-snippet:-1, max-image-preview:large, max-video-preview:-1\" \/>\n<link rel=\"canonical\" href=\"https:\/\/enzymecorporation.com\/index.php\/product\/vitamin-c\/\" \/>\n<meta property=\"og:locale\" content=\"en_US\" \/>\n<meta property=\"og:type\" content=\"article\" \/>\n<meta property=\"og:title\" content=\"Vitamin C - ENZYME CORPORATION\" \/>\n<meta property=\"og:description\" content=\"Vitamin C, es un suplemento vitam\u00ednico de la vitamina c, ayuda a mejorar las defensas y sistema inmunol\u00f3gico. Fortalece los huesos y favorece a la absorci\u00f3n de minerales.\" \/>\n<meta property=\"og:url\" content=\"https:\/\/enzymecorporation.com\/index.php\/product\/vitamin-c\/\" \/>\n<meta property=\"og:site_name\" content=\"ENZYME CORPORATION\" \/>\n<meta property=\"article:modified_time\" content=\"2022-10-07T01:58:48+00:00\" \/>\n<meta property=\"og:image\" content=\"https:\/\/enzymecorporation.com\/wp-content\/uploads\/2022\/10\/VITAMIN-C.png\" \/>\n\t<meta property=\"og:image:width\" content=\"1800\" \/>\n\t<meta property=\"og:image:height\" content=\"1637\" \/>\n\t<meta property=\"og:image:type\" content=\"image\/png\" \/>\n<meta name=\"twitter:card\" content=\"summary_large_image\" \/>\n<script type=\"application\/ld+json\" class=\"yoast-schema-graph\">{\"@context\":\"https:\/\/schema.org\",\"@graph\":[{\"@type\":\"WebPage\",\"@id\":\"https:\/\/enzymecorporation.com\/index.php\/product\/vitamin-c\/\",\"url\":\"https:\/\/enzymecorporation.com\/index.php\/product\/vitamin-c\/\",\"name\":\"Vitamin C - ENZYME CORPORATION\",\"isPartOf\":{\"@id\":\"https:\/\/enzymecorporation.com\/#website\"},\"primaryImageOfPage\":{\"@id\":\"https:\/\/enzymecorporation.com\/index.php\/product\/vitamin-c\/#primaryimage\"},\"image\":{\"@id\":\"https:\/\/enzymecorporation.com\/index.php\/product\/vitamin-c\/#primaryimage\"},\"thumbnailUrl\":\"https:\/\/enzymecorporation.com\/wp-content\/uploads\/2022\/10\/VITAMIN-C.png\",\"datePublished\":\"2022-10-05T22:46:45+00:00\",\"dateModified\":\"2022-10-07T01:58:48+00:00\",\"breadcrumb\":{\"@id\":\"https:\/\/enzymecorporation.com\/index.php\/product\/vitamin-c\/#breadcrumb\"},\"inLanguage\":\"en-US\",\"potentialAction\":[{\"@type\":\"ReadAction\",\"target\":[\"https:\/\/enzymecorporation.com\/index.php\/product\/vitamin-c\/\"]}]},{\"@type\":\"ImageObject\",\"inLanguage\":\"en-US\",\"@id\":\"https:\/\/enzymecorporation.com\/index.php\/product\/vitamin-c\/#primaryimage\",\"url\":\"https:\/\/enzymecorporation.com\/wp-content\/uploads\/2022\/10\/VITAMIN-C.png\",\"contentUrl\":\"https:\/\/enzymecorporation.com\/wp-content\/uploads\/2022\/10\/VITAMIN-C.png\",\"width\":1800,\"height\":1637},{\"@type\":\"BreadcrumbList\",\"@id\":\"https:\/\/enzymecorporation.com\/index.php\/product\/vitamin-c\/#breadcrumb\",\"itemListElement\":[{\"@type\":\"ListItem\",\"position\":1,\"name\":\"Home\",\"item\":\"https:\/\/enzymecorporation.com\/\"},{\"@type\":\"ListItem\",\"position\":2,\"name\":\"Shop\",\"item\":\"https:\/\/enzymecorporation.com\/index.php\/shop\/\"},{\"@type\":\"ListItem\",\"position\":3,\"name\":\"Vitamin C\"}]},{\"@type\":\"WebSite\",\"@id\":\"https:\/\/enzymecorporation.com\/#website\",\"url\":\"https:\/\/enzymecorporation.com\/\",\"name\":\"ENZYME CORPORATION\",\"description\":\"Enzyme Corporation\",\"potentialAction\":[{\"@type\":\"SearchAction\",\"target\":{\"@type\":\"EntryPoint\",\"urlTemplate\":\"https:\/\/enzymecorporation.com\/?s={search_term_string}\"},\"query-input\":{\"@type\":\"PropertyValueSpecification\",\"valueRequired\":true,\"valueName\":\"search_term_string\"}}],\"inLanguage\":\"en-US\"}]}<\/script>\n<!-- \/ Yoast SEO plugin. -->","yoast_head_json":{"title":"Vitamin C - ENZYME CORPORATION","robots":{"index":"index","follow":"follow","max-snippet":"max-snippet:-1","max-image-preview":"max-image-preview:large","max-video-preview":"max-video-preview:-1"},"canonical":"https:\/\/enzymecorporation.com\/index.php\/product\/vitamin-c\/","og_locale":"en_US","og_type":"article","og_title":"Vitamin C - ENZYME CORPORATION","og_description":"Vitamin C, es un suplemento vitam\u00ednico de la vitamina c, ayuda a mejorar las defensas y sistema inmunol\u00f3gico. Fortalece los huesos y favorece a la absorci\u00f3n de minerales.","og_url":"https:\/\/enzymecorporation.com\/index.php\/product\/vitamin-c\/","og_site_name":"ENZYME CORPORATION","article_modified_time":"2022-10-07T01:58:48+00:00","og_image":[{"width":1800,"height":1637,"url":"https:\/\/enzymecorporation.com\/wp-content\/uploads\/2022\/10\/VITAMIN-C.png","type":"image\/png"}],"twitter_card":"summary_large_image","schema":{"@context":"https:\/\/schema.org","@graph":[{"@type":"WebPage","@id":"https:\/\/enzymecorporation.com\/index.php\/product\/vitamin-c\/","url":"https:\/\/enzymecorporation.com\/index.php\/product\/vitamin-c\/","name":"Vitamin C - ENZYME CORPORATION","isPartOf":{"@id":"https:\/\/enzymecorporation.com\/#website"},"primaryImageOfPage":{"@id":"https:\/\/enzymecorporation.com\/index.php\/product\/vitamin-c\/#primaryimage"},"image":{"@id":"https:\/\/enzymecorporation.com\/index.php\/product\/vitamin-c\/#primaryimage"},"thumbnailUrl":"https:\/\/enzymecorporation.com\/wp-content\/uploads\/2022\/10\/VITAMIN-C.png","datePublished":"2022-10-05T22:46:45+00:00","dateModified":"2022-10-07T01:58:48+00:00","breadcrumb":{"@id":"https:\/\/enzymecorporation.com\/index.php\/product\/vitamin-c\/#breadcrumb"},"inLanguage":"en-US","potentialAction":[{"@type":"ReadAction","target":["https:\/\/enzymecorporation.com\/index.php\/product\/vitamin-c\/"]}]},{"@type":"ImageObject","inLanguage":"en-US","@id":"https:\/\/enzymecorporation.com\/index.php\/product\/vitamin-c\/#primaryimage","url":"https:\/\/enzymecorporation.com\/wp-content\/uploads\/2022\/10\/VITAMIN-C.png","contentUrl":"https:\/\/enzymecorporation.com\/wp-content\/uploads\/2022\/10\/VITAMIN-C.png","width":1800,"height":1637},{"@type":"BreadcrumbList","@id":"https:\/\/enzymecorporation.com\/index.php\/product\/vitamin-c\/#breadcrumb","itemListElement":[{"@type":"ListItem","position":1,"name":"Home","item":"https:\/\/enzymecorporation.com\/"},{"@type":"ListItem","position":2,"name":"Shop","item":"https:\/\/enzymecorporation.com\/index.php\/shop\/"},{"@type":"ListItem","position":3,"name":"Vitamin C"}]},{"@type":"WebSite","@id":"https:\/\/enzymecorporation.com\/#website","url":"https:\/\/enzymecorporation.com\/","name":"ENZYME CORPORATION","description":"Enzyme Corporation","potentialAction":[{"@type":"SearchAction","target":{"@type":"EntryPoint","urlTemplate":"https:\/\/enzymecorporation.com\/?s={search_term_string}"},"query-input":{"@type":"PropertyValueSpecification","valueRequired":true,"valueName":"search_term_string"}}],"inLanguage":"en-US"}]}},"jetpack_sharing_enabled":true,"_links":{"self":[{"href":"https:\/\/enzymecorporation.com\/index.php\/wp-json\/wp\/v2\/product\/274","targetHints":{"allow":["GET"]}}],"collection":[{"href":"https:\/\/enzymecorporation.com\/index.php\/wp-json\/wp\/v2\/product"}],"about":[{"href":"https:\/\/enzymecorporation.com\/index.php\/wp-json\/wp\/v2\/types\/product"}],"wp:featuredmedia":[{"embeddable":true,"href":"https:\/\/enzymecorporation.com\/index.php\/wp-json\/wp\/v2\/media\/275"}],"wp:attachment":[{"href":"https:\/\/enzymecorporation.com\/index.php\/wp-json\/wp\/v2\/media?parent=274"}],"wp:term":[{"taxonomy":"product_brand","embeddable":true,"href":"https:\/\/enzymecorporation.com\/index.php\/wp-json\/wp\/v2\/product_brand?post=274"},{"taxonomy":"product_cat","embeddable":true,"href":"https:\/\/enzymecorporation.com\/index.php\/wp-json\/wp\/v2\/product_cat?post=274"},{"taxonomy":"product_tag","embeddable":true,"href":"https:\/\/enzymecorporation.com\/index.php\/wp-json\/wp\/v2\/product_tag?post=274"}],"curies":[{"name":"wp","href":"https:\/\/api.w.org\/{rel}","templated":true}]}}